{"id":2619,"date":"2026-04-09T19:55:58","date_gmt":"2026-04-09T17:55:58","guid":{"rendered":"https:\/\/strasbourg-basket.fr\/?page_id=2619"},"modified":"2026-04-09T20:26:15","modified_gmt":"2026-04-09T18:26:15","slug":"equipes","status":"publish","type":"page","link":"https:\/\/strasbourg-basket.fr\/index.php\/equipes\/","title":{"rendered":"\u00c9quipes"},"content":{"rendered":"\t\t<div data-elementor-type=\"wp-page\" data-elementor-id=\"2619\" class=\"elementor elementor-2619\">\n\t\t\t\t<div class=\"elementor-element elementor-element-e9750cb e-con-full e-flex e-con e-parent\" data-id=\"e9750cb\" data-element_type=\"container\" data-e-type=\"container\">\n\t\t\t\t<div class=\"elementor-element elementor-element-8fa029b elementor-widget__width-inherit elementor-widget elementor-widget-html\" data-id=\"8fa029b\" data-element_type=\"widget\" data-e-type=\"widget\" data-widget_type=\"html.default\">\n\t\t\t\t<div class=\"elementor-widget-container\">\n\t\t\t\t\t<section class=\"ffbb-section\">\r\n\r\n  <div class=\"ffbb-container\">\r\n\r\n    <div class=\"ffbb-content\">\r\n      <h2>\u00c9QUIPES & COMP\u00c9TITIONS<\/h2>\r\n\r\n      <p>\r\n    \r\n      <\/p>\r\n\r\n\r\n\r\n      <a href=\"https:\/\/competitions.ffbb.com\/ligues\/ges\/comites\/0067\/clubs\/ges0067188\" target=\"_blank\" class=\"ffbb-btn\">\r\n        \r\n      <\/a>\r\n    <\/div>\r\n\r\n    <div class=\"ffbb-visual\">\r\n      <iframe \r\n        src=\"https:\/\/competitions.ffbb.com\/ligues\/ges\/comites\/0067\/clubs\/ges0067188\"\r\n        frameborder=\"0\">\r\n      <\/iframe>\r\n    <\/div>\r\n\r\n  <\/div>\r\n\r\n<\/section>\t\t\t\t<\/div>\n\t\t\t\t<\/div>\n\t\t\t\t<\/div>\n\t\t\t\t<\/div>\n\t\t","protected":false},"excerpt":{"rendered":"<p>\u00c9QUIPES &#038; COMP\u00c9TITIONS<\/p>\n","protected":false},"author":3,"featured_media":0,"parent":0,"menu_order":0,"comment_status":"closed","ping_status":"closed","template":"elementor_header_footer","meta":{"_uag_custom_page_level_css":"","footnotes":""},"class_list":["post-2619","page","type-page","status-publish","hentry"],"yoast_head":"<!-- This site is optimized with the Yoast SEO plugin v27.1.1 - https:\/\/yoast.com\/product\/yoast-seo-wordpress\/ -->\n<title>\u00c9quipes - Strasbourg Basketball<\/title>\n<meta name=\"robots\" content=\"index, follow, max-snippet:-1, max-image-preview:large, max-video-preview:-1\" \/>\n<link rel=\"canonical\" href=\"https:\/\/strasbourg-basket.fr\/index.php\/equipes\/\" \/>\n<meta property=\"og:locale\" content=\"fr_FR\" \/>\n<meta property=\"og:type\" content=\"article\" \/>\n<meta property=\"og:title\" content=\"\u00c9quipes - Strasbourg Basketball\" \/>\n<meta property=\"og:description\" content=\"\u00c9QUIPES &#038; COMP\u00c9TITIONS\" \/>\n<meta property=\"og:url\" content=\"https:\/\/strasbourg-basket.fr\/index.php\/equipes\/\" \/>\n<meta property=\"og:site_name\" content=\"Strasbourg Basketball\" \/>\n<meta property=\"article:modified_time\" content=\"2026-04-09T18:26:15+00:00\" \/>\n<meta name=\"twitter:card\" content=\"summary_large_image\" \/>\n<meta name=\"twitter:label1\" content=\"Dur\u00e9e de lecture estim\u00e9e\" \/>\n\t<meta name=\"twitter:data1\" content=\"1 minute\" \/>\n<script type=\"application\/ld+json\" class=\"yoast-schema-graph\">{\"@context\":\"https:\/\/schema.org\",\"@graph\":[{\"@type\":\"WebPage\",\"@id\":\"https:\/\/strasbourg-basket.fr\/index.php\/equipes\/\",\"url\":\"https:\/\/strasbourg-basket.fr\/index.php\/equipes\/\",\"name\":\"\u00c9quipes - Strasbourg Basketball\",\"isPartOf\":{\"@id\":\"https:\/\/strasbourg-basket.fr\/#website\"},\"datePublished\":\"2026-04-09T17:55:58+00:00\",\"dateModified\":\"2026-04-09T18:26:15+00:00\",\"breadcrumb\":{\"@id\":\"https:\/\/strasbourg-basket.fr\/index.php\/equipes\/#breadcrumb\"},\"inLanguage\":\"fr-FR\",\"potentialAction\":[{\"@type\":\"ReadAction\",\"target\":[\"https:\/\/strasbourg-basket.fr\/index.php\/equipes\/\"]}]},{\"@type\":\"BreadcrumbList\",\"@id\":\"https:\/\/strasbourg-basket.fr\/index.php\/equipes\/#breadcrumb\",\"itemListElement\":[{\"@type\":\"ListItem\",\"position\":1,\"name\":\"Accueil\",\"item\":\"https:\/\/strasbourg-basket.fr\/\"},{\"@type\":\"ListItem\",\"position\":2,\"name\":\"\u00c9quipes\"}]},{\"@type\":\"WebSite\",\"@id\":\"https:\/\/strasbourg-basket.fr\/#website\",\"url\":\"https:\/\/strasbourg-basket.fr\/\",\"name\":\"AS Strasbourg Basketball\",\"description\":\"Depuis 1920 pour faire vivre le basket Strasbourgeois\",\"publisher\":{\"@id\":\"https:\/\/strasbourg-basket.fr\/#organization\"},\"potentialAction\":[{\"@type\":\"SearchAction\",\"target\":{\"@type\":\"EntryPoint\",\"urlTemplate\":\"https:\/\/strasbourg-basket.fr\/?s={search_term_string}\"},\"query-input\":{\"@type\":\"PropertyValueSpecification\",\"valueRequired\":true,\"valueName\":\"search_term_string\"}}],\"inLanguage\":\"fr-FR\"},{\"@type\":\"Organization\",\"@id\":\"https:\/\/strasbourg-basket.fr\/#organization\",\"name\":\"AS Strasbourg Basketball\",\"url\":\"https:\/\/strasbourg-basket.fr\/\",\"logo\":{\"@type\":\"ImageObject\",\"inLanguage\":\"fr-FR\",\"@id\":\"https:\/\/strasbourg-basket.fr\/#\/schema\/logo\/image\/\",\"url\":\"https:\/\/strasbourg-basket.fr\/wp-content\/uploads\/2023\/05\/blason_rouge-fond-transparent-e1686317879738.png\",\"contentUrl\":\"https:\/\/strasbourg-basket.fr\/wp-content\/uploads\/2023\/05\/blason_rouge-fond-transparent-e1686317879738.png\",\"width\":2891,\"height\":2565,\"caption\":\"AS Strasbourg Basketball\"},\"image\":{\"@id\":\"https:\/\/strasbourg-basket.fr\/#\/schema\/logo\/image\/\"}}]}<\/script>\n<!-- \/ Yoast SEO plugin. -->","yoast_head_json":{"title":"\u00c9quipes - Strasbourg Basketball","robots":{"index":"index","follow":"follow","max-snippet":"max-snippet:-1","max-image-preview":"max-image-preview:large","max-video-preview":"max-video-preview:-1"},"canonical":"https:\/\/strasbourg-basket.fr\/index.php\/equipes\/","og_locale":"fr_FR","og_type":"article","og_title":"\u00c9quipes - Strasbourg Basketball","og_description":"\u00c9QUIPES &#038; COMP\u00c9TITIONS","og_url":"https:\/\/strasbourg-basket.fr\/index.php\/equipes\/","og_site_name":"Strasbourg Basketball","article_modified_time":"2026-04-09T18:26:15+00:00","twitter_card":"summary_large_image","twitter_misc":{"Dur\u00e9e de lecture estim\u00e9e":"1 minute"},"schema":{"@context":"https:\/\/schema.org","@graph":[{"@type":"WebPage","@id":"https:\/\/strasbourg-basket.fr\/index.php\/equipes\/","url":"https:\/\/strasbourg-basket.fr\/index.php\/equipes\/","name":"\u00c9quipes - Strasbourg Basketball","isPartOf":{"@id":"https:\/\/strasbourg-basket.fr\/#website"},"datePublished":"2026-04-09T17:55:58+00:00","dateModified":"2026-04-09T18:26:15+00:00","breadcrumb":{"@id":"https:\/\/strasbourg-basket.fr\/index.php\/equipes\/#breadcrumb"},"inLanguage":"fr-FR","potentialAction":[{"@type":"ReadAction","target":["https:\/\/strasbourg-basket.fr\/index.php\/equipes\/"]}]},{"@type":"BreadcrumbList","@id":"https:\/\/strasbourg-basket.fr\/index.php\/equipes\/#breadcrumb","itemListElement":[{"@type":"ListItem","position":1,"name":"Accueil","item":"https:\/\/strasbourg-basket.fr\/"},{"@type":"ListItem","position":2,"name":"\u00c9quipes"}]},{"@type":"WebSite","@id":"https:\/\/strasbourg-basket.fr\/#website","url":"https:\/\/strasbourg-basket.fr\/","name":"AS Strasbourg Basketball","description":"Depuis 1920 pour faire vivre le basket Strasbourgeois","publisher":{"@id":"https:\/\/strasbourg-basket.fr\/#organization"},"potentialAction":[{"@type":"SearchAction","target":{"@type":"EntryPoint","urlTemplate":"https:\/\/strasbourg-basket.fr\/?s={search_term_string}"},"query-input":{"@type":"PropertyValueSpecification","valueRequired":true,"valueName":"search_term_string"}}],"inLanguage":"fr-FR"},{"@type":"Organization","@id":"https:\/\/strasbourg-basket.fr\/#organization","name":"AS Strasbourg Basketball","url":"https:\/\/strasbourg-basket.fr\/","logo":{"@type":"ImageObject","inLanguage":"fr-FR","@id":"https:\/\/strasbourg-basket.fr\/#\/schema\/logo\/image\/","url":"https:\/\/strasbourg-basket.fr\/wp-content\/uploads\/2023\/05\/blason_rouge-fond-transparent-e1686317879738.png","contentUrl":"https:\/\/strasbourg-basket.fr\/wp-content\/uploads\/2023\/05\/blason_rouge-fond-transparent-e1686317879738.png","width":2891,"height":2565,"caption":"AS Strasbourg Basketball"},"image":{"@id":"https:\/\/strasbourg-basket.fr\/#\/schema\/logo\/image\/"}}]}},"uagb_featured_image_src":{"full":false,"thumbnail":false,"medium":false,"medium_large":false,"large":false,"1536x1536":false,"2048x2048":false,"htmega_size_585x295":false,"htmega_size_1170x536":false,"htmega_size_396x360":false,"sportspress-crop-medium":false,"sportspress-fit-medium":false,"sportspress-fit-icon":false,"sportspress-fit-mini":false,"stm-1140-666":false,"stm-1170-650":false,"stm-570-350":false,"stm-570-250":false,"stm-270-370":false,"stm-540-500":false,"stm-270-530":false,"stm-200-200":false,"stm-85-105":false,"stm-255-255":false,"stm-360-240":false,"stm-360-495":false,"stm-445-400":false,"stm-735-240":false,"stm-255-183":false,"stm-350-250":false,"blog_list":false,"blog_list_medium":false,"gallery_thumbnail":false,"gallery_image":false,"gallery_image_mini":false,"player_photo":false,"team_logo":false,"player_stat_ava":false,"post-350-220":false,"post-275-142":false,"post-160-120":false,"post-110-70":false,"post-770-450":false,"post-370-210":false,"post-457-470":false,"post-370-420":false,"stm-445-445":false,"stm-555-460":false,"stm-350-450":false,"stm-720-440":false,"stm-270-270":false,"stm-760-450":false},"uagb_author_info":{"display_name":"Paul Antonio","author_link":"https:\/\/strasbourg-basket.fr\/index.php\/author\/paul\/"},"uagb_comment_info":0,"uagb_excerpt":"\u00c9QUIPES &#038; COMP\u00c9TITIONS","_links":{"self":[{"href":"https:\/\/strasbourg-basket.fr\/index.php\/wp-json\/wp\/v2\/pages\/2619","targetHints":{"allow":["GET"]}}],"collection":[{"href":"https:\/\/strasbourg-basket.fr\/index.php\/wp-json\/wp\/v2\/pages"}],"about":[{"href":"https:\/\/strasbourg-basket.fr\/index.php\/wp-json\/wp\/v2\/types\/page"}],"author":[{"embeddable":true,"href":"https:\/\/strasbourg-basket.fr\/index.php\/wp-json\/wp\/v2\/users\/3"}],"replies":[{"embeddable":true,"href":"https:\/\/strasbourg-basket.fr\/index.php\/wp-json\/wp\/v2\/comments?post=2619"}],"version-history":[{"count":18,"href":"https:\/\/strasbourg-basket.fr\/index.php\/wp-json\/wp\/v2\/pages\/2619\/revisions"}],"predecessor-version":[{"id":2649,"href":"https:\/\/strasbourg-basket.fr\/index.php\/wp-json\/wp\/v2\/pages\/2619\/revisions\/2649"}],"wp:attachment":[{"href":"https:\/\/strasbourg-basket.fr\/index.php\/wp-json\/wp\/v2\/media?parent=2619"}],"curies":[{"name":"wp","href":"https:\/\/api.w.org\/{rel}","templated":true}]}}