{"id":84,"date":"2016-04-19T05:29:11","date_gmt":"2016-04-19T05:29:11","guid":{"rendered":"http:\/\/splash.stylemixthemes.com\/?page_id=84"},"modified":"2026-04-10T03:31:46","modified_gmt":"2026-04-10T01:31:46","slug":"home-page-2","status":"publish","type":"page","link":"https:\/\/strasbourg-basket.fr\/","title":{"rendered":"Accueil"},"content":{"rendered":"\t\t<div data-elementor-type=\"wp-page\" data-elementor-id=\"84\" class=\"elementor elementor-84\">\n\t\t\t\t<div class=\"elementor-element elementor-element-6f9559a8 e-con-full e-flex e-con e-parent\" data-id=\"6f9559a8\" data-element_type=\"container\" data-e-type=\"container\">\n\t\t\t\t<div class=\"elementor-element elementor-element-74acc017 elementor-widget elementor-widget-text-editor\" data-id=\"74acc017\" data-element_type=\"widget\" data-e-type=\"widget\" data-widget_type=\"text-editor.default\">\n\t\t\t\t<div class=\"elementor-widget-container\">\n\t\t\t\t\t\t\t\t\t<p>[vc_row][vc_column]\n\t\t\t<!-- START Home Slider REVOLUTION SLIDER 6.4.11 --><p class=\"rs-p-wp-fix\"><\/p>\n\t\t\t<rs-module-wrap id=\"rev_slider_1_1_wrapper\" data-source=\"gallery\" style=\"background:#151515;padding:0;margin:0px auto;margin-top:0;margin-bottom:0;\">\n\t\t\t\t<rs-module id=\"rev_slider_1_1\" style=\"\" data-version=\"6.4.11\">\n\t\t\t\t\t<rs-slides>\n\t\t\t\t\t\t<rs-slide data-key=\"rs-1\" data-title=\"NBA Highlights\" data-in=\"o:0;\" data-out=\"a:false;\">\n\t\t\t\t\t\t\t<img decoding=\"async\" src=\"\/\/strasbourg-basket.fr\/wp-content\/uploads\/2017\/10\/slider-demo-1.jpg\" title=\"Accueil\" class=\"rev-slidebg tp-rs-img\" data-parallax=\"5\" data-panzoom=\"d:10000;ss:100;se:120;\" data-no-retina>\n<!--\n\t\t\t\t\t\t\t--><rs-layer\n\t\t\t\t\t\t\t\tid=\"slider-1-slide-1-layer-1\" \n\t\t\t\t\t\t\t\tdata-type=\"text\"\n\t\t\t\t\t\t\t\tdata-color=\"rgba(255,255,255,1)\"\n\t\t\t\t\t\t\t\tdata-rsp_ch=\"on\"\n\t\t\t\t\t\t\t\tdata-xy=\"x:c,c,c,l;xo:0,0,0,15px;y:m;yo:-8px,-8px,-8px,-111px;\"\n\t\t\t\t\t\t\t\tdata-text=\"s:52,52,52,25;l:57,57,57,22;\"\n\t\t\t\t\t\t\t\tdata-frame_0=\"y:-127px;\"\n\t\t\t\t\t\t\t\tdata-frame_1=\"e:power2.inOut;st:1000;\"\n\t\t\t\t\t\t\t\tdata-frame_999=\"y:-127px;o:0;e:nothing;st:w;\"\n\t\t\t\t\t\t\t\tstyle=\"z-index:11;font-family:Graduate;\"\n\t\t\t\t\t\t\t>Association Sportive de Strasbourg \n\t\t\t\t\t\t\t<\/rs-layer><!--\n\n\t\t\t\t\t\t\t--><rs-layer\n\t\t\t\t\t\t\t\tid=\"slider-1-slide-1-layer-2\" \n\t\t\t\t\t\t\t\tclass=\"tp-shape tp-shapewrapper\"\n\t\t\t\t\t\t\t\tdata-type=\"shape\"\n\t\t\t\t\t\t\t\tdata-rsp_ch=\"on\"\n\t\t\t\t\t\t\t\tdata-xy=\"xo:0,0,0,2px;yo:1px,1px,1px,0;\"\n\t\t\t\t\t\t\t\tdata-dim=\"w:100%;h:100%;\"\n\t\t\t\t\t\t\t\tdata-vbility=\"t,t,t,f\"\n\t\t\t\t\t\t\t\tdata-basealign=\"slide\"\n\t\t\t\t\t\t\t\tdata-frame_1=\"e:power2.inOut;sp:1.875;\"\n\t\t\t\t\t\t\t\tdata-frame_999=\"o:0;e:nothing;st:w;sp:1.875;\"\n\t\t\t\t\t\t\t\tstyle=\"z-index:8;background-color:rgba(0,0,0,0.50);\"\n\t\t\t\t\t\t\t> \n\t\t\t\t\t\t\t<\/rs-layer><!--\n\n\t\t\t\t\t\t\t--><rs-layer\n\t\t\t\t\t\t\t\tid=\"slider-1-slide-1-layer-3\" \n\t\t\t\t\t\t\t\tdata-type=\"image\"\n\t\t\t\t\t\t\t\tdata-rsp_ch=\"on\"\n\t\t\t\t\t\t\t\tdata-xy=\"x:c;yo:78px,78px,45px,30px;\"\n\t\t\t\t\t\t\t\tdata-text=\"w:normal;s:20,20,11,7;l:0,0,14,9;\"\n\t\t\t\t\t\t\t\tdata-dim=\"w:524px,524px,305px,209px;h:260px,260px,151px,103px;\"\n\t\t\t\t\t\t\t\tdata-frame_999=\"o:0;st:w;\"\n\t\t\t\t\t\t\t\tstyle=\"z-index:12;\"\n\t\t\t\t\t\t\t><img fetchpriority=\"high\" decoding=\"async\" src=\"\/\/strasbourg-basket.fr\/wp-content\/uploads\/2025\/06\/2-Capture_d_\u00e9cran_2025-03-26_\u00e0_20.39.52-removebg-preview.png\" class=\"tp-rs-img\" width=\"710\" height=\"352\" data-no-retina> \n\t\t\t\t\t\t\t<\/rs-layer><!--\n\n\t\t\t\t\t\t\t--><rs-layer\n\t\t\t\t\t\t\t\tid=\"slider-1-slide-1-layer-4\" \n\t\t\t\t\t\t\t\tdata-type=\"text\"\n\t\t\t\t\t\t\t\tdata-color=\"rgba(255,255,255,1)\"\n\t\t\t\t\t\t\t\tdata-rsp_ch=\"on\"\n\t\t\t\t\t\t\t\tdata-xy=\"x:c,c,c,l;xo:0,0,0,15px;y:m;yo:60px,60px,60px,-58px;\"\n\t\t\t\t\t\t\t\tdata-text=\"s:20,20,20,25;l:22;\"\n\t\t\t\t\t\t\t\tdata-frame_0=\"y:-50px;\"\n\t\t\t\t\t\t\t\tdata-frame_1=\"e:power2.inOut;st:1300;\"\n\t\t\t\t\t\t\t\tdata-frame_999=\"y:-50px;o:0;e:nothing;st:w;\"\n\t\t\t\t\t\t\t\tstyle=\"z-index:10;font-family:Montserrat;\"\n\t\t\t\t\t\t\t>Depuis 1920, nous faisons vivre le basketball \u00e0 Strasbourg \n\t\t\t\t\t\t\t<\/rs-layer><!--\n-->\t\t\t\t\t\t<\/rs-slide>\n\t\t\t\t\t<\/rs-slides>\n\t\t\t\t<\/rs-module>\n\t\t\t\t<script type=\"text\/javascript\">\n\t\t\t\t\tsetREVStartSize({c: 'rev_slider_1_1',rl:[1240,1240,778,480],el:[800,800,960,720],gw:[1200,1200,700,480],gh:[800,800,960,720],type:'standard',justify:'',layout:'fullwidth',mh:\"0\"});\n\t\t\t\t\tvar\trevapi1,\n\t\t\t\t\t\ttpj;\n\t\t\t\t\tfunction revinit_revslider11() {\n\t\t\t\t\tjQuery(function() {\n\t\t\t\t\t\ttpj = jQuery;\n\t\t\t\t\t\trevapi1 = tpj(\"#rev_slider_1_1\");\n\t\t\t\t\t\tif(revapi1==undefined || revapi1.revolution == undefined){\n\t\t\t\t\t\t\trevslider_showDoubleJqueryError(\"rev_slider_1_1\");\n\t\t\t\t\t\t}else{\n\t\t\t\t\t\t\trevapi1.revolution({\n\t\t\t\t\t\t\t\tDPR:\"dpr\",\n\t\t\t\t\t\t\t\tsliderLayout:\"fullwidth\",\n\t\t\t\t\t\t\t\tvisibilityLevels:\"1240,1240,778,480\",\n\t\t\t\t\t\t\t\tgridwidth:\"1200,1200,700,480\",\n\t\t\t\t\t\t\t\tgridheight:\"800,800,960,720\",\n\t\t\t\t\t\t\t\tspinner:\"spinner0\",\n\t\t\t\t\t\t\t\tperspective:600,\n\t\t\t\t\t\t\t\tperspectiveType:\"local\",\n\t\t\t\t\t\t\t\teditorheight:\"800,768,960,720\",\n\t\t\t\t\t\t\t\tresponsiveLevels:\"1240,1240,778,480\",\n\t\t\t\t\t\t\t\tprogressBar:{disableProgressBar:true},\n\t\t\t\t\t\t\t\tnavigation: {\n\t\t\t\t\t\t\t\t\tonHoverStop:false\n\t\t\t\t\t\t\t\t},\n\t\t\t\t\t\t\t\tparallax: {\n\t\t\t\t\t\t\t\t\tlevels:[5,10,15,20,25,30,35,40,45,46,47,48,49,50,51,55],\n\t\t\t\t\t\t\t\t\ttype:\"mouse\",\n\t\t\t\t\t\t\t\t\tdisable_onmobile:true\n\t\t\t\t\t\t\t\t},\n\t\t\t\t\t\t\t\tfallbacks: {\n\t\t\t\t\t\t\t\t\tallowHTML5AutoPlayOnAndroid:true\n\t\t\t\t\t\t\t\t},\n\t\t\t\t\t\t\t});\n\t\t\t\t\t\t}\n\t\t\t\t\t\t\n\t\t\t\t\t});\n\t\t\t\t\t} \/\/ End of RevInitScript\n\t\t\t\tvar once_revslider11 = false;\n\t\t\t\tif (document.readyState === \"loading\") {document.addEventListener('readystatechange',function() { if((document.readyState === \"interactive\" || document.readyState === \"complete\") && !once_revslider11 ) { once_revslider11 = true; revinit_revslider11();}});} else {once_revslider11 = true; revinit_revslider11();}\n\t\t\t\t<\/script>\n\t\t\t<\/rs-module-wrap>\n\t\t\t<!-- END REVOLUTION SLIDER -->\n[\/vc_column][\/vc_row][vc_row full_width=&#8221;stretch_row&#8221; el_class=&#8221;stm-red-bg&#8221;][vc_column][stm_call_to_action button_type=&#8221;secondary&#8221; button_size=&#8221;btn-md&#8221; button_color_style=&#8221;style-4&#8243;\u00a0 css=&#8221;.vc_custom_1462183708853{margin-top: 74px !important;}&#8221;]<\/p>\t\t\t\t\t\t\t\t<\/div>\n\t\t\t\t<\/div>\n\t\t<div class=\"elementor-element elementor-element-a585030 e-con-full e-flex e-con e-child\" data-id=\"a585030\" data-element_type=\"container\" data-e-type=\"container\">\n\t\t\t\t<div class=\"elementor-element elementor-element-85cf37c elementor-widget elementor-widget-html\" data-id=\"85cf37c\" data-element_type=\"widget\" data-e-type=\"widget\" data-widget_type=\"html.default\">\n\t\t\t\t<div class=\"elementor-widget-container\">\n\t\t\t\t\t<section class=\"home-section\">\r\n\r\n  <!-- CLUB -->\r\n  <div class=\"home-block\">\r\n    <h2>LE CLUB<\/h2>\r\n    <p>D\u00e9couvrez l\u2019histoire, les valeurs et l\u2019identit\u00e9 de l\u2019AS Strasbourg Basket.<\/p>\r\n    <a href=\"https:\/\/strasbourg-basket.fr\/index.php\/about-club\/\" class=\"btn\">D\u00e9couvrir<\/a>\r\n  <\/div>\r\n\r\n  <!-- EQUIPES -->\r\n  <div class=\"home-grid\">\r\n\r\n    <a href=\"https:\/\/strasbourg-basket.fr\/index.php\/equipes\/\" class=\"card\">\r\n      <h3> \u00c9QUIPES <\/h3>\r\n      <p>Masculines & F\u00e9minines<\/p>\r\n      \r\n    <\/a>\r\n\r\n    <a href=\"https:\/\/www.hooper-store.fr\/club\/boutiques-clubs\/basket-ball\/as-strasbourg.html\" class=\"card\">\r\n      <h3>BOUTIQUE<\/h3>\r\n      <p>S'\u00e9quiper aux couleurs du club<\/p>\r\n    <\/a>\r\n\r\n    <a href=\"https:\/\/www.helloasso.com\/associations\/association-sportive-de-strasbourg-section-baske\/formulaires\/1\" class=\"card\">\r\n      <h3>DONATIONS<\/h3>\r\n      <p>Contribuer au projet<\/p>\r\n    <\/a>\r\n\r\n  <\/div>\r\n\r\n  <!-- DETECTIONS -->\r\n  <div class=\"home-block highlight\">\r\n    <h2>REJOINDRE LE CLUB<\/h2>\r\n    <p>Participez aux d\u00e9tections et int\u00e9grez nos \u00e9quipes.<\/p>\r\n    <a href=\"https:\/\/www.instagram.com\/asbasket67\/\" target=\"_blank\" class=\"btn red\">S\u2019inscrire<\/a>\r\n  <\/div>\r\n\r\n  <!-- CONTACT -->\r\n  <div class=\"home-block\">\r\n    <h2>CONTACT<\/h2>\r\n    <p>Une question ? Contactez-nous directement.<\/p>\r\n    <a href=\"https:\/\/strasbourg-basket.fr\/index.php\/contacts\/\" class=\"btn\">Nous contacter<\/a>\r\n  <\/div>\r\n\r\n<\/section>\t\t\t\t<\/div>\n\t\t\t\t<\/div>\n\t\t\t\t<\/div>\n\t\t\t\t<\/div>\n\t\t\t\t<\/div>\n\t\t","protected":false},"excerpt":{"rendered":"<p>[vc_row][vc_column][\/vc_column][\/vc_row][vc_row full_width=&#8221;stretch_row&#8221; el_class=&#8221;stm-red-bg&#8221;][vc_column][stm_call_to_action button_type=&#8221;secondary&#8221; button_size=&#8221;btn-md&#8221; button_color_style=&#8221;style-4&#8243;\u00a0 css=&#8221;.vc_custom_1462183708853{margin-top: 74px !important;}&#8221;] LE CLUB D\u00e9couvrez l\u2019histoire, les valeurs et l\u2019identit\u00e9 de l\u2019AS Strasbourg Basket. D\u00e9couvrir \u00c9QUIPES Masculines &#038; F\u00e9minines BOUTIQUE S&#8217;\u00e9quiper aux couleurs du club DONATIONS Contribuer au projet REJOINDRE LE CLUB Participez aux d\u00e9tections et int\u00e9grez nos \u00e9quipes. S\u2019inscrire CONTACT Une question ? Contactez-nous directement. Nous contacter<\/p>\n","protected":false},"author":1,"featured_media":0,"parent":0,"menu_order":0,"comment_status":"closed","ping_status":"closed","template":"","meta":{"_uag_custom_page_level_css":"","footnotes":""},"class_list":["post-84","page","type-page","status-publish","hentry"],"yoast_head":"<!-- This site is optimized with the Yoast SEO plugin v27.1.1 - https:\/\/yoast.com\/product\/yoast-seo-wordpress\/ -->\n<title>Accueil - Strasbourg Basketball<\/title>\n<meta name=\"robots\" content=\"index, follow, max-snippet:-1, max-image-preview:large, max-video-preview:-1\" \/>\n<link rel=\"canonical\" href=\"https:\/\/strasbourg-basket.fr\/\" \/>\n<meta property=\"og:locale\" content=\"fr_FR\" \/>\n<meta property=\"og:type\" content=\"article\" \/>\n<meta property=\"og:title\" content=\"Accueil - Strasbourg Basketball\" \/>\n<meta property=\"og:description\" content=\"[vc_row][vc_column][\/vc_column][\/vc_row][vc_row full_width=&#8221;stretch_row&#8221; el_class=&#8221;stm-red-bg&#8221;][vc_column][stm_call_to_action button_type=&#8221;secondary&#8221; button_size=&#8221;btn-md&#8221; button_color_style=&#8221;style-4&#8243;\u00a0 css=&#8221;.vc_custom_1462183708853{margin-top: 74px !important;}&#8221;] LE CLUB D\u00e9couvrez l\u2019histoire, les valeurs et l\u2019identit\u00e9 de l\u2019AS Strasbourg Basket. D\u00e9couvrir \u00c9QUIPES Masculines &#038; F\u00e9minines BOUTIQUE S&#8217;\u00e9quiper aux couleurs du club DONATIONS Contribuer au projet REJOINDRE LE CLUB Participez aux d\u00e9tections et int\u00e9grez nos \u00e9quipes. S\u2019inscrire CONTACT Une question ? Contactez-nous directement. Nous contacter\" \/>\n<meta property=\"og:url\" content=\"https:\/\/strasbourg-basket.fr\/\" \/>\n<meta property=\"og:site_name\" content=\"Strasbourg Basketball\" \/>\n<meta property=\"article:modified_time\" content=\"2026-04-10T01:31:46+00:00\" \/>\n<meta name=\"twitter:card\" content=\"summary_large_image\" \/>\n<meta name=\"twitter:label1\" content=\"Dur\u00e9e de lecture estim\u00e9e\" \/>\n\t<meta name=\"twitter:data1\" content=\"1 minute\" \/>\n<script type=\"application\/ld+json\" class=\"yoast-schema-graph\">{\"@context\":\"https:\/\/schema.org\",\"@graph\":[{\"@type\":\"WebPage\",\"@id\":\"https:\/\/strasbourg-basket.fr\/\",\"url\":\"https:\/\/strasbourg-basket.fr\/\",\"name\":\"Accueil - Strasbourg Basketball\",\"isPartOf\":{\"@id\":\"https:\/\/strasbourg-basket.fr\/#website\"},\"datePublished\":\"2016-04-19T05:29:11+00:00\",\"dateModified\":\"2026-04-10T01:31:46+00:00\",\"breadcrumb\":{\"@id\":\"https:\/\/strasbourg-basket.fr\/#breadcrumb\"},\"inLanguage\":\"fr-FR\",\"potentialAction\":[{\"@type\":\"ReadAction\",\"target\":[\"https:\/\/strasbourg-basket.fr\/\"]}]},{\"@type\":\"BreadcrumbList\",\"@id\":\"https:\/\/strasbourg-basket.fr\/#breadcrumb\",\"itemListElement\":[{\"@type\":\"ListItem\",\"position\":1,\"name\":\"Accueil\",\"item\":\"https:\/\/strasbourg-basket.fr\/\"},{\"@type\":\"ListItem\",\"position\":2,\"name\":\"Accueil\"}]},{\"@type\":\"WebSite\",\"@id\":\"https:\/\/strasbourg-basket.fr\/#website\",\"url\":\"https:\/\/strasbourg-basket.fr\/\",\"name\":\"AS Strasbourg Basketball\",\"description\":\"Depuis 1920 pour faire vivre le basket Strasbourgeois\",\"publisher\":{\"@id\":\"https:\/\/strasbourg-basket.fr\/#organization\"},\"potentialAction\":[{\"@type\":\"SearchAction\",\"target\":{\"@type\":\"EntryPoint\",\"urlTemplate\":\"https:\/\/strasbourg-basket.fr\/?s={search_term_string}\"},\"query-input\":{\"@type\":\"PropertyValueSpecification\",\"valueRequired\":true,\"valueName\":\"search_term_string\"}}],\"inLanguage\":\"fr-FR\"},{\"@type\":\"Organization\",\"@id\":\"https:\/\/strasbourg-basket.fr\/#organization\",\"name\":\"AS Strasbourg Basketball\",\"url\":\"https:\/\/strasbourg-basket.fr\/\",\"logo\":{\"@type\":\"ImageObject\",\"inLanguage\":\"fr-FR\",\"@id\":\"https:\/\/strasbourg-basket.fr\/#\/schema\/logo\/image\/\",\"url\":\"https:\/\/strasbourg-basket.fr\/wp-content\/uploads\/2023\/05\/blason_rouge-fond-transparent-e1686317879738.png\",\"contentUrl\":\"https:\/\/strasbourg-basket.fr\/wp-content\/uploads\/2023\/05\/blason_rouge-fond-transparent-e1686317879738.png\",\"width\":2891,\"height\":2565,\"caption\":\"AS Strasbourg Basketball\"},\"image\":{\"@id\":\"https:\/\/strasbourg-basket.fr\/#\/schema\/logo\/image\/\"}}]}<\/script>\n<!-- \/ Yoast SEO plugin. -->","yoast_head_json":{"title":"Accueil - Strasbourg Basketball","robots":{"index":"index","follow":"follow","max-snippet":"max-snippet:-1","max-image-preview":"max-image-preview:large","max-video-preview":"max-video-preview:-1"},"canonical":"https:\/\/strasbourg-basket.fr\/","og_locale":"fr_FR","og_type":"article","og_title":"Accueil - Strasbourg Basketball","og_description":"[vc_row][vc_column][\/vc_column][\/vc_row][vc_row full_width=&#8221;stretch_row&#8221; el_class=&#8221;stm-red-bg&#8221;][vc_column][stm_call_to_action button_type=&#8221;secondary&#8221; button_size=&#8221;btn-md&#8221; button_color_style=&#8221;style-4&#8243;\u00a0 css=&#8221;.vc_custom_1462183708853{margin-top: 74px !important;}&#8221;] LE CLUB D\u00e9couvrez l\u2019histoire, les valeurs et l\u2019identit\u00e9 de l\u2019AS Strasbourg Basket. D\u00e9couvrir \u00c9QUIPES Masculines &#038; F\u00e9minines BOUTIQUE S&#8217;\u00e9quiper aux couleurs du club DONATIONS Contribuer au projet REJOINDRE LE CLUB Participez aux d\u00e9tections et int\u00e9grez nos \u00e9quipes. S\u2019inscrire CONTACT Une question ? Contactez-nous directement. Nous contacter","og_url":"https:\/\/strasbourg-basket.fr\/","og_site_name":"Strasbourg Basketball","article_modified_time":"2026-04-10T01:31:46+00:00","twitter_card":"summary_large_image","twitter_misc":{"Dur\u00e9e de lecture estim\u00e9e":"1 minute"},"schema":{"@context":"https:\/\/schema.org","@graph":[{"@type":"WebPage","@id":"https:\/\/strasbourg-basket.fr\/","url":"https:\/\/strasbourg-basket.fr\/","name":"Accueil - Strasbourg Basketball","isPartOf":{"@id":"https:\/\/strasbourg-basket.fr\/#website"},"datePublished":"2016-04-19T05:29:11+00:00","dateModified":"2026-04-10T01:31:46+00:00","breadcrumb":{"@id":"https:\/\/strasbourg-basket.fr\/#breadcrumb"},"inLanguage":"fr-FR","potentialAction":[{"@type":"ReadAction","target":["https:\/\/strasbourg-basket.fr\/"]}]},{"@type":"BreadcrumbList","@id":"https:\/\/strasbourg-basket.fr\/#breadcrumb","itemListElement":[{"@type":"ListItem","position":1,"name":"Accueil","item":"https:\/\/strasbourg-basket.fr\/"},{"@type":"ListItem","position":2,"name":"Accueil"}]},{"@type":"WebSite","@id":"https:\/\/strasbourg-basket.fr\/#website","url":"https:\/\/strasbourg-basket.fr\/","name":"AS Strasbourg Basketball","description":"Depuis 1920 pour faire vivre le basket Strasbourgeois","publisher":{"@id":"https:\/\/strasbourg-basket.fr\/#organization"},"potentialAction":[{"@type":"SearchAction","target":{"@type":"EntryPoint","urlTemplate":"https:\/\/strasbourg-basket.fr\/?s={search_term_string}"},"query-input":{"@type":"PropertyValueSpecification","valueRequired":true,"valueName":"search_term_string"}}],"inLanguage":"fr-FR"},{"@type":"Organization","@id":"https:\/\/strasbourg-basket.fr\/#organization","name":"AS Strasbourg Basketball","url":"https:\/\/strasbourg-basket.fr\/","logo":{"@type":"ImageObject","inLanguage":"fr-FR","@id":"https:\/\/strasbourg-basket.fr\/#\/schema\/logo\/image\/","url":"https:\/\/strasbourg-basket.fr\/wp-content\/uploads\/2023\/05\/blason_rouge-fond-transparent-e1686317879738.png","contentUrl":"https:\/\/strasbourg-basket.fr\/wp-content\/uploads\/2023\/05\/blason_rouge-fond-transparent-e1686317879738.png","width":2891,"height":2565,"caption":"AS Strasbourg Basketball"},"image":{"@id":"https:\/\/strasbourg-basket.fr\/#\/schema\/logo\/image\/"}}]}},"uagb_featured_image_src":{"full":false,"thumbnail":false,"medium":false,"medium_large":false,"large":false,"1536x1536":false,"2048x2048":false,"htmega_size_585x295":false,"htmega_size_1170x536":false,"htmega_size_396x360":false,"sportspress-crop-medium":false,"sportspress-fit-medium":false,"sportspress-fit-icon":false,"sportspress-fit-mini":false,"stm-1140-666":false,"stm-1170-650":false,"stm-570-350":false,"stm-570-250":false,"stm-270-370":false,"stm-540-500":false,"stm-270-530":false,"stm-200-200":false,"stm-85-105":false,"stm-255-255":false,"stm-360-240":false,"stm-360-495":false,"stm-445-400":false,"stm-735-240":false,"stm-255-183":false,"stm-350-250":false,"blog_list":false,"blog_list_medium":false,"gallery_thumbnail":false,"gallery_image":false,"gallery_image_mini":false,"player_photo":false,"team_logo":false,"player_stat_ava":false,"post-350-220":false,"post-275-142":false,"post-160-120":false,"post-110-70":false,"post-770-450":false,"post-370-210":false,"post-457-470":false,"post-370-420":false,"stm-445-445":false,"stm-555-460":false,"stm-350-450":false,"stm-720-440":false,"stm-270-270":false,"stm-760-450":false},"uagb_author_info":{"display_name":"Pierre Banzet","author_link":"https:\/\/strasbourg-basket.fr\/index.php\/author\/admin4230\/"},"uagb_comment_info":0,"uagb_excerpt":"[vc_row][vc_column][\/vc_column][\/vc_row][vc_row full_width=&#8221;stretch_row&#8221; el_class=&#8221;stm-red-bg&#8221;][vc_column][stm_call_to_action button_type=&#8221;secondary&#8221; button_size=&#8221;btn-md&#8221; button_color_style=&#8221;style-4&#8243;\u00a0 css=&#8221;.vc_custom_1462183708853{margin-top: 74px !important;}&#8221;] LE CLUB D\u00e9couvrez l\u2019histoire, les valeurs et l\u2019identit\u00e9 de l\u2019AS Strasbourg Basket. D\u00e9couvrir \u00c9QUIPES Masculines &#038; F\u00e9minines BOUTIQUE S&#8217;\u00e9quiper aux couleurs du club DONATIONS Contribuer au projet REJOINDRE LE CLUB Participez aux d\u00e9tections et int\u00e9grez nos \u00e9quipes. S\u2019inscrire CONTACT Une question ? Contactez-nous directement. Nous contacter","_links":{"self":[{"href":"https:\/\/strasbourg-basket.fr\/index.php\/wp-json\/wp\/v2\/pages\/84","targetHints":{"allow":["GET"]}}],"collection":[{"href":"https:\/\/strasbourg-basket.fr\/index.php\/wp-json\/wp\/v2\/pages"}],"about":[{"href":"https:\/\/strasbourg-basket.fr\/index.php\/wp-json\/wp\/v2\/types\/page"}],"author":[{"embeddable":true,"href":"https:\/\/strasbourg-basket.fr\/index.php\/wp-json\/wp\/v2\/users\/1"}],"replies":[{"embeddable":true,"href":"https:\/\/strasbourg-basket.fr\/index.php\/wp-json\/wp\/v2\/comments?post=84"}],"version-history":[{"count":58,"href":"https:\/\/strasbourg-basket.fr\/index.php\/wp-json\/wp\/v2\/pages\/84\/revisions"}],"predecessor-version":[{"id":2675,"href":"https:\/\/strasbourg-basket.fr\/index.php\/wp-json\/wp\/v2\/pages\/84\/revisions\/2675"}],"wp:attachment":[{"href":"https:\/\/strasbourg-basket.fr\/index.php\/wp-json\/wp\/v2\/media?parent=84"}],"curies":[{"name":"wp","href":"https:\/\/api.w.org\/{rel}","templated":true}]}}